{"id":1206,"date":"2025-06-12T12:54:30","date_gmt":"2025-06-12T18:54:30","guid":{"rendered":"https:\/\/aprende.imp.mx\/portal\/?page_id=1206"},"modified":"2025-06-13T11:02:21","modified_gmt":"2025-06-13T17:02:21","slug":"aie-nosotros","status":"publish","type":"page","link":"https:\/\/aprende.imp.mx\/portal\/aie-nosotros\/","title":{"rendered":"aie-nosotros"},"content":{"rendered":"\t\t<div data-elementor-type=\"wp-page\" data-elementor-id=\"1206\" class=\"elementor elementor-1206\" data-elementor-post-type=\"page\">\n\t\t\t\t<div class=\"elementor-element elementor-element-e37b175 e-con-full e-flex e-con e-parent\" data-id=\"e37b175\" data-element_type=\"container\" data-e-type=\"container\">\n\t\t\t\t<div class=\"elementor-element elementor-element-65ea3f1 elementor-widget elementor-widget-spacer\" data-id=\"65ea3f1\" data-element_type=\"widget\" data-e-type=\"widget\" data-widget_type=\"spacer.default\">\n\t\t\t\t<div class=\"elementor-widget-container\">\n\t\t\t\t\t\t\t<div class=\"elementor-spacer\">\n\t\t\t<div class=\"elementor-spacer-inner\"><\/div>\n\t\t<\/div>\n\t\t\t\t\t\t<\/div>\n\t\t\t\t<\/div>\n\t\t\t\t<\/div>\n\t\t<div class=\"elementor-element elementor-element-f5e0207 e-flex e-con-boxed e-con e-parent\" data-id=\"f5e0207\" data-element_type=\"container\" data-e-type=\"container\">\n\t\t\t\t\t<div class=\"e-con-inner\">\n\t\t\t\t<div class=\"elementor-element elementor-element-dba994a elementor-widget elementor-widget-heading\" data-id=\"dba994a\" data-element_type=\"widget\" data-e-type=\"widget\" data-widget_type=\"heading.default\">\n\t\t\t\t<div class=\"elementor-widget-container\">\n\t\t\t\t\t<h2 class=\"elementor-heading-title elementor-size-default\">Aprende IMP + energ\u00eda<\/h2>\t\t\t\t<\/div>\n\t\t\t\t<\/div>\n\t\t\t\t\t<\/div>\n\t\t\t\t<\/div>\n\t\t<div class=\"elementor-element elementor-element-e111b3c e-flex e-con-boxed e-con e-parent\" data-id=\"e111b3c\" data-element_type=\"container\" data-e-type=\"container\">\n\t\t\t\t\t<div class=\"e-con-inner\">\n\t\t\t\t<div class=\"elementor-element elementor-element-cc268fe elementor-widget elementor-widget-text-editor\" data-id=\"cc268fe\" data-element_type=\"widget\" data-e-type=\"widget\" data-widget_type=\"text-editor.default\">\n\t\t\t\t<div class=\"elementor-widget-container\">\n\t\t\t\t\t\t\t\t\t<p class=\"font_8 wixui-rich-text__text\" style=\"text-align: justify;\"><span class=\"wixui-rich-text__text\" style=\"color: #135723;\">El\u00a0<strong>Instituto Mexicano del Petr\u00f3leo (IMP)<\/strong>\u00a0es una instituci\u00f3n de vanguardia dedicada a la capacitaci\u00f3n y desarrollo del talento en el sector energ\u00e9tico, particularmente en la industria de los hidrocarburos. Con m\u00e1s de seis d\u00e9cadas de experiencia, el IMP se ha consolidado como un referente en la formaci\u00f3n de profesionales altamente calificados, proporcionando conocimientos t\u00e9cnicos y soluciones innovadoras para satisfacer las necesidades del sector energ\u00e9tico, tanto en M\u00e9xico como a nivel internacional. Nuestro enfoque est\u00e1 en la educaci\u00f3n continua, la transferencia de conocimiento y el impulso de la innovaci\u00f3n tecnol\u00f3gica, con el objetivo de fortalecer las capacidades del capital humano en el sector.<\/span><\/p><p class=\"font_8 wixui-rich-text__text\" style=\"text-align: justify;\"><span class=\"wixui-rich-text__text\" style=\"color: #135723;\"><span class=\"wixGuard wixui-rich-text__text\">\u200b<\/span><\/span><\/p><p class=\"font_8 wixui-rich-text__text\" style=\"text-align: justify;\"><span class=\"wixui-rich-text__text\" style=\"color: #135723;\">A trav\u00e9s de nuestra tienda en l\u00ednea, buscamos hacer m\u00e1s accesibles nuestros programas de formaci\u00f3n especializada, ofreciendo una plataforma flexible y eficiente para la inscripci\u00f3n a cursos y acceso a contenidos educativos de alta calidad. Nuestra oferta est\u00e1 dise\u00f1ada para profesionales, empresas y estudiantes, brindando soluciones educativas adaptadas a las necesidades del mercado. El IMP contin\u00faa siendo un actor clave en el desarrollo de la industria energ\u00e9tica, contribuyendo al crecimiento y la sostenibilidad del sector energ\u00e9tico en M\u00e9xico y en el \u00e1mbito internacional.<\/span><\/p>\t\t\t\t\t\t\t\t<\/div>\n\t\t\t\t<\/div>\n\t\t\t\t\t<\/div>\n\t\t\t\t<\/div>\n\t\t<div class=\"elementor-element elementor-element-f6c0866 e-grid e-con-full e-con e-parent\" data-id=\"f6c0866\" data-element_type=\"container\" data-e-type=\"container\">\n\t\t\t\t<div class=\"elementor-element elementor-element-d8e4420 elementor-widget elementor-widget-image\" data-id=\"d8e4420\" data-element_type=\"widget\" data-e-type=\"widget\" data-widget_type=\"image.default\">\n\t\t\t\t<div class=\"elementor-widget-container\">\n\t\t\t\t\t\t\t\t\t\t\t\t\t\t\t<img fetchpriority=\"high\" decoding=\"async\" width=\"2560\" height=\"1707\" src=\"https:\/\/aprende.imp.mx\/portal\/wp-content\/uploads\/2025\/06\/CAD-6-scaled.jpg\" class=\"attachment-full size-full wp-image-1212\" alt=\"\" srcset=\"https:\/\/aprende.imp.mx\/portal\/wp-content\/uploads\/2025\/06\/CAD-6-scaled.jpg 2560w, https:\/\/aprende.imp.mx\/portal\/wp-content\/uploads\/2025\/06\/CAD-6-300x200.jpg 300w, https:\/\/aprende.imp.mx\/portal\/wp-content\/uploads\/2025\/06\/CAD-6-1024x683.jpg 1024w, https:\/\/aprende.imp.mx\/portal\/wp-content\/uploads\/2025\/06\/CAD-6-768x512.jpg 768w, https:\/\/aprende.imp.mx\/portal\/wp-content\/uploads\/2025\/06\/CAD-6-1536x1024.jpg 1536w, https:\/\/aprende.imp.mx\/portal\/wp-content\/uploads\/2025\/06\/CAD-6-2048x1365.jpg 2048w, https:\/\/aprende.imp.mx\/portal\/wp-content\/uploads\/2025\/06\/CAD-6-600x400.jpg 600w\" sizes=\"(max-width: 2560px) 100vw, 2560px\" \/>\t\t\t\t\t\t\t\t\t\t\t\t\t\t\t<\/div>\n\t\t\t\t<\/div>\n\t\t\t\t<\/div>\n\t\t\t\t<\/div>\n\t\t","protected":false},"excerpt":{"rendered":"<p>Aprende IMP + energ\u00eda El\u00a0Instituto Mexicano del Petr\u00f3leo (IMP)\u00a0es una instituci\u00f3n de vanguardia dedicada a la capacitaci\u00f3n y desarrollo del [&hellip;]<\/p>\n","protected":false},"author":1,"featured_media":0,"parent":0,"menu_order":0,"comment_status":"closed","ping_status":"closed","template":"","meta":{"site-sidebar-layout":"no-sidebar","site-content-layout":"","ast-site-content-layout":"full-width-container","site-content-style":"default","site-sidebar-style":"default","ast-global-header-display":"","ast-banner-title-visibility":"","ast-main-header-display":"","ast-hfb-above-header-display":"","ast-hfb-below-header-display":"","ast-hfb-mobile-header-display":"","site-post-title":"disabled","ast-breadcrumbs-content":"","ast-featured-img":"disabled","footer-sml-layout":"","ast-disable-related-posts":"","theme-transparent-header-meta":"","adv-header-id-meta":"","stick-header-meta":"","header-above-stick-meta":"","header-main-stick-meta":"","header-below-stick-meta":"","astra-migrate-meta-layouts":"default","ast-page-background-enabled":"default","ast-page-background-meta":{"desktop":{"background-color":"var(--ast-global-color-4)","background-image":"","background-repeat":"repeat","background-position":"center center","background-size":"auto","background-attachment":"scroll","background-type":"","background-media":"","overlay-type":"","overlay-color":"","overlay-opacity":"","overlay-gradient":""},"tablet":{"background-color":"","background-image":"","background-repeat":"repeat","background-position":"center center","background-size":"auto","background-attachment":"scroll","background-type":"","background-media":"","overlay-type":"","overlay-color":"","overlay-opacity":"","overlay-gradient":""},"mobile":{"background-color":"","background-image":"","background-repeat":"repeat","background-position":"center center","background-size":"auto","background-attachment":"scroll","background-type":"","background-media":"","overlay-type":"","overlay-color":"","overlay-opacity":"","overlay-gradient":""}},"ast-content-background-meta":{"desktop":{"background-color":"var(--ast-global-color-5)","background-image":"","background-repeat":"repeat","background-position":"center center","background-size":"auto","background-attachment":"scroll","background-type":"","background-media":"","overlay-type":"","overlay-color":"","overlay-opacity":"","overlay-gradient":""},"tablet":{"background-color":"var(--ast-global-color-5)","background-image":"","background-repeat":"repeat","background-position":"center center","background-size":"auto","background-attachment":"scroll","background-type":"","background-media":"","overlay-type":"","overlay-color":"","overlay-opacity":"","overlay-gradient":""},"mobile":{"background-color":"var(--ast-global-color-5)","background-image":"","background-repeat":"repeat","background-position":"center center","background-size":"auto","background-attachment":"scroll","background-type":"","background-media":"","overlay-type":"","overlay-color":"","overlay-opacity":"","overlay-gradient":""}},"footnotes":""},"class_list":["post-1206","page","type-page","status-publish","hentry"],"_links":{"self":[{"href":"https:\/\/aprende.imp.mx\/portal\/wp-json\/wp\/v2\/pages\/1206","targetHints":{"allow":["GET"]}}],"collection":[{"href":"https:\/\/aprende.imp.mx\/portal\/wp-json\/wp\/v2\/pages"}],"about":[{"href":"https:\/\/aprende.imp.mx\/portal\/wp-json\/wp\/v2\/types\/page"}],"author":[{"embeddable":true,"href":"https:\/\/aprende.imp.mx\/portal\/wp-json\/wp\/v2\/users\/1"}],"replies":[{"embeddable":true,"href":"https:\/\/aprende.imp.mx\/portal\/wp-json\/wp\/v2\/comments?post=1206"}],"version-history":[{"count":15,"href":"https:\/\/aprende.imp.mx\/portal\/wp-json\/wp\/v2\/pages\/1206\/revisions"}],"predecessor-version":[{"id":1295,"href":"https:\/\/aprende.imp.mx\/portal\/wp-json\/wp\/v2\/pages\/1206\/revisions\/1295"}],"wp:attachment":[{"href":"https:\/\/aprende.imp.mx\/portal\/wp-json\/wp\/v2\/media?parent=1206"}],"curies":[{"name":"wp","href":"https:\/\/api.w.org\/{rel}","templated":true}]}}