{"id":1339,"date":"2025-06-13T14:57:43","date_gmt":"2025-06-13T20:57:43","guid":{"rendered":"https:\/\/aprende.imp.mx\/portal\/?post_type=product&#038;p=1339"},"modified":"2025-07-11T10:53:35","modified_gmt":"2025-07-11T16:53:35","slug":"transicion-energetica-nivel-basico","status":"publish","type":"product","link":"https:\/\/aprende.imp.mx\/portal\/producto\/transicion-energetica-nivel-basico\/","title":{"rendered":"Transici\u00f3n Energ\u00e9tica &#8211; Nivel B\u00e1sico"},"content":{"rendered":"<p>16 horas de capacitaci\u00f3n (8 horas de video \/ 8 horas de estrategias de aprendizaje interactivo)<\/p>\n","protected":false},"excerpt":{"rendered":"<p>Explora el mundo de las energ\u00edas limpias con nuestro <strong>Curso B\u00e1sico de Transici\u00f3n Energ\u00e9tica<\/strong>. Aprende los conceptos clave, analiza casos reales y entiende c\u00f3mo la eficiencia energ\u00e9tica puede cambiar el futuro. Ideal para quienes inician en el sector o desean comprender el impacto global del cambio energ\u00e9tico. \u00a1Empieza hoy y s\u00e9 parte del cambio!<\/p>\n","protected":false},"featured_media":1826,"comment_status":"open","ping_status":"closed","template":"","meta":{"site-sidebar-layout":"default","site-content-layout":"","ast-site-content-layout":"default","site-content-style":"default","site-sidebar-style":"default","ast-global-header-display":"","ast-banner-title-visibility":"","ast-main-header-display":"","ast-hfb-above-header-display":"","ast-hfb-below-header-display":"","ast-hfb-mobile-header-display":"","site-post-title":"","ast-breadcrumbs-content":"","ast-featured-img":"","footer-sml-layout":"","ast-disable-related-posts":"","theme-transparent-header-meta":"default","adv-header-id-meta":"","stick-header-meta":"","header-above-stick-meta":"","header-main-stick-meta":"","header-below-stick-meta":"","astra-migrate-meta-layouts":"set","ast-page-background-enabled":"default","ast-page-background-meta":{"desktop":{"background-color":"var(--ast-global-color-4)","background-image":"","background-repeat":"repeat","background-position":"center center","background-size":"auto","background-attachment":"scroll","background-type":"","background-media":"","overlay-type":"","overlay-color":"","overlay-opacity":"","overlay-gradient":""},"tablet":{"background-color":"","background-image":"","background-repeat":"repeat","background-position":"center center","background-size":"auto","background-attachment":"scroll","background-type":"","background-media":"","overlay-type":"","overlay-color":"","overlay-opacity":"","overlay-gradient":""},"mobile":{"background-color":"","background-image":"","background-repeat":"repeat","background-position":"center center","background-size":"auto","background-attachment":"scroll","background-type":"","background-media":"","overlay-type":"","overlay-color":"","overlay-opacity":"","overlay-gradient":""}},"ast-content-background-meta":{"desktop":{"background-color":"var(--ast-global-color-5)","background-image":"","background-repeat":"repeat","background-position":"center center","background-size":"auto","background-attachment":"scroll","background-type":"","background-media":"","overlay-type":"","overlay-color":"","overlay-opacity":"","overlay-gradient":""},"tablet":{"background-color":"var(--ast-global-color-5)","background-image":"","background-repeat":"repeat","background-position":"center center","background-size":"auto","background-attachment":"scroll","background-type":"","background-media":"","overlay-type":"","overlay-color":"","overlay-opacity":"","overlay-gradient":""},"mobile":{"background-color":"var(--ast-global-color-5)","background-image":"","background-repeat":"repeat","background-position":"center center","background-size":"auto","background-attachment":"scroll","background-type":"","background-media":"","overlay-type":"","overlay-color":"","overlay-opacity":"","overlay-gradient":""}}},"product_brand":[],"product_cat":[52],"product_tag":[],"class_list":{"0":"post-1339","1":"product","2":"type-product","3":"status-publish","4":"has-post-thumbnail","6":"product_cat-pise","7":"desktop-align-left","8":"tablet-align-left","9":"mobile-align-left","11":"first","12":"instock","13":"shipping-taxable","14":"purchasable","15":"product-type-simple"},"_links":{"self":[{"href":"https:\/\/aprende.imp.mx\/portal\/wp-json\/wp\/v2\/product\/1339","targetHints":{"allow":["GET"]}}],"collection":[{"href":"https:\/\/aprende.imp.mx\/portal\/wp-json\/wp\/v2\/product"}],"about":[{"href":"https:\/\/aprende.imp.mx\/portal\/wp-json\/wp\/v2\/types\/product"}],"replies":[{"embeddable":true,"href":"https:\/\/aprende.imp.mx\/portal\/wp-json\/wp\/v2\/comments?post=1339"}],"wp:featuredmedia":[{"embeddable":true,"href":"https:\/\/aprende.imp.mx\/portal\/wp-json\/wp\/v2\/media\/1826"}],"wp:attachment":[{"href":"https:\/\/aprende.imp.mx\/portal\/wp-json\/wp\/v2\/media?parent=1339"}],"wp:term":[{"taxonomy":"product_brand","embeddable":true,"href":"https:\/\/aprende.imp.mx\/portal\/wp-json\/wp\/v2\/product_brand?post=1339"},{"taxonomy":"product_cat","embeddable":true,"href":"https:\/\/aprende.imp.mx\/portal\/wp-json\/wp\/v2\/product_cat?post=1339"},{"taxonomy":"product_tag","embeddable":true,"href":"https:\/\/aprende.imp.mx\/portal\/wp-json\/wp\/v2\/product_tag?post=1339"}],"curies":[{"name":"wp","href":"https:\/\/api.w.org\/{rel}","templated":true}]}}