{"id":1340,"date":"2025-06-13T15:00:04","date_gmt":"2025-06-13T21:00:04","guid":{"rendered":"https:\/\/aprende.imp.mx\/portal\/?post_type=product&#038;p=1340"},"modified":"2025-07-11T10:53:53","modified_gmt":"2025-07-11T16:53:53","slug":"transicion-energetica-nivel-intermedio","status":"publish","type":"product","link":"https:\/\/aprende.imp.mx\/portal\/producto\/transicion-energetica-nivel-intermedio\/","title":{"rendered":"Transici\u00f3n Energ\u00e9tica &#8211; Nivel Intermedio"},"content":{"rendered":"<p>24 horas de capacitaci\u00f3n (16 horas de video \/ 8 horas de estrategias de aprendizaje interactivo)<\/p>\n","protected":false},"excerpt":{"rendered":"<p><span style=\"color: #339966\"><strong>Transici\u00f3n Energ\u00e9tica &#8211; Nivel Intermedio<\/strong><\/span><\/p>\n<p>Lleva tus conocimientos al siguiente nivel con el <strong>Curso Intermedio de Transici\u00f3n Energ\u00e9tica<\/strong>. Profundiza en estrategias, financiamiento, movilidad sostenible y tecnolog\u00edas emergentes que est\u00e1n transformando el sector energ\u00e9tico. Ideal para quienes ya dominan lo b\u00e1sico y quieren impulsar soluciones reales hacia un futuro m\u00e1s limpio y eficiente.<\/p>\n","protected":false},"featured_media":1829,"comment_status":"open","ping_status":"closed","template":"","meta":{"site-sidebar-layout":"default","site-content-layout":"","ast-site-content-layout":"default","site-content-style":"default","site-sidebar-style":"default","ast-global-header-display":"","ast-banner-title-visibility":"","ast-main-header-display":"","ast-hfb-above-header-display":"","ast-hfb-below-header-display":"","ast-hfb-mobile-header-display":"","site-post-title":"","ast-breadcrumbs-content":"","ast-featured-img":"","footer-sml-layout":"","ast-disable-related-posts":"","theme-transparent-header-meta":"default","adv-header-id-meta":"","stick-header-meta":"","header-above-stick-meta":"","header-main-stick-meta":"","header-below-stick-meta":"","astra-migrate-meta-layouts":"set","ast-page-background-enabled":"default","ast-page-background-meta":{"desktop":{"background-color":"var(--ast-global-color-4)","background-image":"","background-repeat":"repeat","background-position":"center center","background-size":"auto","background-attachment":"scroll","background-type":"","background-media":"","overlay-type":"","overlay-color":"","overlay-opacity":"","overlay-gradient":""},"tablet":{"background-color":"","background-image":"","background-repeat":"repeat","background-position":"center center","background-size":"auto","background-attachment":"scroll","background-type":"","background-media":"","overlay-type":"","overlay-color":"","overlay-opacity":"","overlay-gradient":""},"mobile":{"background-color":"","background-image":"","background-repeat":"repeat","background-position":"center center","background-size":"auto","background-attachment":"scroll","background-type":"","background-media":"","overlay-type":"","overlay-color":"","overlay-opacity":"","overlay-gradient":""}},"ast-content-background-meta":{"desktop":{"background-color":"var(--ast-global-color-5)","background-image":"","background-repeat":"repeat","background-position":"center center","background-size":"auto","background-attachment":"scroll","background-type":"","background-media":"","overlay-type":"","overlay-color":"","overlay-opacity":"","overlay-gradient":""},"tablet":{"background-color":"var(--ast-global-color-5)","background-image":"","background-repeat":"repeat","background-position":"center center","background-size":"auto","background-attachment":"scroll","background-type":"","background-media":"","overlay-type":"","overlay-color":"","overlay-opacity":"","overlay-gradient":""},"mobile":{"background-color":"var(--ast-global-color-5)","background-image":"","background-repeat":"repeat","background-position":"center center","background-size":"auto","background-attachment":"scroll","background-type":"","background-media":"","overlay-type":"","overlay-color":"","overlay-opacity":"","overlay-gradient":""}}},"product_brand":[],"product_cat":[52],"product_tag":[],"class_list":{"0":"post-1340","1":"product","2":"type-product","3":"status-publish","4":"has-post-thumbnail","6":"product_cat-pise","7":"desktop-align-left","8":"tablet-align-left","9":"mobile-align-left","11":"first","12":"instock","13":"shipping-taxable","14":"purchasable","15":"product-type-simple"},"_links":{"self":[{"href":"https:\/\/aprende.imp.mx\/portal\/wp-json\/wp\/v2\/product\/1340","targetHints":{"allow":["GET"]}}],"collection":[{"href":"https:\/\/aprende.imp.mx\/portal\/wp-json\/wp\/v2\/product"}],"about":[{"href":"https:\/\/aprende.imp.mx\/portal\/wp-json\/wp\/v2\/types\/product"}],"replies":[{"embeddable":true,"href":"https:\/\/aprende.imp.mx\/portal\/wp-json\/wp\/v2\/comments?post=1340"}],"wp:featuredmedia":[{"embeddable":true,"href":"https:\/\/aprende.imp.mx\/portal\/wp-json\/wp\/v2\/media\/1829"}],"wp:attachment":[{"href":"https:\/\/aprende.imp.mx\/portal\/wp-json\/wp\/v2\/media?parent=1340"}],"wp:term":[{"taxonomy":"product_brand","embeddable":true,"href":"https:\/\/aprende.imp.mx\/portal\/wp-json\/wp\/v2\/product_brand?post=1340"},{"taxonomy":"product_cat","embeddable":true,"href":"https:\/\/aprende.imp.mx\/portal\/wp-json\/wp\/v2\/product_cat?post=1340"},{"taxonomy":"product_tag","embeddable":true,"href":"https:\/\/aprende.imp.mx\/portal\/wp-json\/wp\/v2\/product_tag?post=1340"}],"curies":[{"name":"wp","href":"https:\/\/api.w.org\/{rel}","templated":true}]}}